{"id":255,"date":"2024-07-16T00:22:56","date_gmt":"2024-07-16T00:22:56","guid":{"rendered":"https:\/\/patriciamassoterapeuta.com.br\/?page_id=255"},"modified":"2024-07-16T00:22:56","modified_gmt":"2024-07-16T00:22:56","slug":"massagem-em-criancas","status":"publish","type":"page","link":"https:\/\/patriciamassoterapeuta.com.br\/index.php\/massagem-em-criancas\/","title":{"rendered":"Massagem em crian\u00e7as"},"content":{"rendered":"\n<p>A Massagem \u00e9 uma grande aliada para crian\u00e7as, aliviando os inc\u00f4modos e dores musculares, al\u00edvio do estresse, ajuda nos problemas de gases e c\u00f3licas, melhora na qualidade do sono, alivia a ansiedade, bom funcionamento do organismo, aumenta a resist\u00eancia do sistema imunol\u00f3gico, melhora a qualidade de vida.<\/p>\n","protected":false},"excerpt":{"rendered":"<p>A Massagem \u00e9 uma grande aliada para crian\u00e7as, aliviando os inc\u00f4modos e dores musculares, al\u00edvio do estresse, ajuda nos problemas de gases e c\u00f3licas, melhora na qualidade do sono, alivia a ansiedade, bom funcionamento do organismo, aumenta a resist\u00eancia do sistema imunol\u00f3gico, melhora a qualidade de vida.<\/p>\n","protected":false},"author":2,"featured_media":0,"parent":0,"menu_order":0,"comment_status":"closed","ping_status":"closed","template":"","meta":{"_joinchat":[],"footnotes":""},"class_list":["post-255","page","type-page","status-publish","hentry"],"_links":{"self":[{"href":"https:\/\/patriciamassoterapeuta.com.br\/index.php\/wp-json\/wp\/v2\/pages\/255","targetHints":{"allow":["GET"]}}],"collection":[{"href":"https:\/\/patriciamassoterapeuta.com.br\/index.php\/wp-json\/wp\/v2\/pages"}],"about":[{"href":"https:\/\/patriciamassoterapeuta.com.br\/index.php\/wp-json\/wp\/v2\/types\/page"}],"author":[{"embeddable":true,"href":"https:\/\/patriciamassoterapeuta.com.br\/index.php\/wp-json\/wp\/v2\/users\/2"}],"replies":[{"embeddable":true,"href":"https:\/\/patriciamassoterapeuta.com.br\/index.php\/wp-json\/wp\/v2\/comments?post=255"}],"version-history":[{"count":1,"href":"https:\/\/patriciamassoterapeuta.com.br\/index.php\/wp-json\/wp\/v2\/pages\/255\/revisions"}],"predecessor-version":[{"id":256,"href":"https:\/\/patriciamassoterapeuta.com.br\/index.php\/wp-json\/wp\/v2\/pages\/255\/revisions\/256"}],"wp:attachment":[{"href":"https:\/\/patriciamassoterapeuta.com.br\/index.php\/wp-json\/wp\/v2\/media?parent=255"}],"curies":[{"name":"wp","href":"https:\/\/api.w.org\/{rel}","templated":true}]}}