{"id":158,"date":"2024-07-12T00:58:43","date_gmt":"2024-07-12T00:58:43","guid":{"rendered":"https:\/\/patriciamassoterapeuta.com.br\/?page_id=158"},"modified":"2025-02-16T01:03:08","modified_gmt":"2025-02-16T01:03:08","slug":"massoterapia-para-empresarios","status":"publish","type":"page","link":"https:\/\/patriciamassoterapeuta.com.br\/index.php\/massoterapia-para-empresarios\/","title":{"rendered":"Empres\u00e1rios"},"content":{"rendered":"\n<p> Um dos principais fatores que impedem a alta performance para empresariar, \u00e9 o estresse. As t\u00e9cnicas ajudam a reduzir tens\u00f5es, liberando horm\u00f4nios do bem estar, melhorando a qualidade do sono, e consequentemente ajudam no foco e concentra\u00e7\u00e3o do dia a dia, melhorando a capacidade de concentra\u00e7\u00e3o na aten\u00e7\u00e3o. Corpo relaxado, mente relaxada, e assim melhores resultados.<\/p>\n","protected":false},"excerpt":{"rendered":"<p>Um dos principais fatores que impedem a alta performance para empresariar, \u00e9 o estresse. As t\u00e9cnicas ajudam a reduzir tens\u00f5es, liberando horm\u00f4nios do bem estar, melhorando a qualidade do sono, e consequentemente ajudam no foco e concentra\u00e7\u00e3o do dia a dia, melhorando a capacidade de concentra\u00e7\u00e3o na aten\u00e7\u00e3o. Corpo relaxado, mente relaxada, e assim melhores [&hellip;]<\/p>\n","protected":false},"author":2,"featured_media":0,"parent":0,"menu_order":0,"comment_status":"closed","ping_status":"closed","template":"","meta":{"_joinchat":[],"footnotes":""},"class_list":["post-158","page","type-page","status-publish","hentry"],"_links":{"self":[{"href":"https:\/\/patriciamassoterapeuta.com.br\/index.php\/wp-json\/wp\/v2\/pages\/158","targetHints":{"allow":["GET"]}}],"collection":[{"href":"https:\/\/patriciamassoterapeuta.com.br\/index.php\/wp-json\/wp\/v2\/pages"}],"about":[{"href":"https:\/\/patriciamassoterapeuta.com.br\/index.php\/wp-json\/wp\/v2\/types\/page"}],"author":[{"embeddable":true,"href":"https:\/\/patriciamassoterapeuta.com.br\/index.php\/wp-json\/wp\/v2\/users\/2"}],"replies":[{"embeddable":true,"href":"https:\/\/patriciamassoterapeuta.com.br\/index.php\/wp-json\/wp\/v2\/comments?post=158"}],"version-history":[{"count":3,"href":"https:\/\/patriciamassoterapeuta.com.br\/index.php\/wp-json\/wp\/v2\/pages\/158\/revisions"}],"predecessor-version":[{"id":275,"href":"https:\/\/patriciamassoterapeuta.com.br\/index.php\/wp-json\/wp\/v2\/pages\/158\/revisions\/275"}],"wp:attachment":[{"href":"https:\/\/patriciamassoterapeuta.com.br\/index.php\/wp-json\/wp\/v2\/media?parent=158"}],"curies":[{"name":"wp","href":"https:\/\/api.w.org\/{rel}","templated":true}]}}